{"id":310,"date":"2021-09-20T09:10:26","date_gmt":"2021-09-20T09:10:26","guid":{"rendered":"https:\/\/jorgebadas.es\/wordpress\/?page_id=310"},"modified":"2022-04-28T16:05:11","modified_gmt":"2022-04-28T14:05:11","slug":"jb-servicios-informaticos","status":"publish","type":"page","link":"https:\/\/jorgebadas.es\/jbserviciosinformaticos\/","title":{"rendered":"JB Servicios inform\u00e1ticos"},"content":{"rendered":"\t\t<div data-elementor-type=\"wp-page\" data-elementor-id=\"310\" class=\"elementor elementor-310\">\n\t\t\t\t\t\t<section class=\"elementor-section elementor-top-section elementor-element elementor-element-r0yq0pa elementor-section-boxed elementor-section-height-default elementor-section-height-default\" data-id=\"r0yq0pa\" data-element_type=\"section\" data-e-type=\"section\" data-settings=\"{&quot;background_background&quot;:&quot;classic&quot;}\">\n\t\t\t\t\t\t\t<div class=\"elementor-background-overlay\"><\/div>\n\t\t\t\t\t\t\t<div class=\"elementor-container elementor-column-gap-no\">\n\t\t\t\t\t<div class=\"elementor-column elementor-col-100 elementor-top-column elementor-element elementor-element-4c147b6\" data-id=\"4c147b6\" data-element_type=\"column\" data-e-type=\"column\">\n\t\t\t<div class=\"elementor-widget-wrap elementor-element-populated\">\n\t\t\t\t\t\t<div class=\"elementor-element elementor-element-cb4d2ed elementor-widget elementor-widget-heading\" data-id=\"cb4d2ed\" data-element_type=\"widget\" data-e-type=\"widget\" id=\"Titular\" data-widget_type=\"heading.default\">\n\t\t\t\t<div class=\"elementor-widget-container\">\n\t\t\t\t\t<h1 class=\"elementor-heading-title elementor-size-default\">Soporte inform\u00e1tico y programaci\u00f3n<\/h1>\t\t\t\t<\/div>\n\t\t\t\t<\/div>\n\t\t\t\t\t<\/div>\n\t\t<\/div>\n\t\t\t\t\t<\/div>\n\t\t<\/section>\n\t\t\t\t<section class=\"elementor-section elementor-top-section elementor-element elementor-element-jxyppr9 elementor-section-boxed elementor-section-height-default elementor-section-height-default\" data-id=\"jxyppr9\" data-element_type=\"section\" data-e-type=\"section\" data-settings=\"{&quot;background_background&quot;:&quot;classic&quot;}\">\n\t\t\t\t\t\t\t<div class=\"elementor-background-overlay\"><\/div>\n\t\t\t\t\t\t\t<div class=\"elementor-container elementor-column-gap-no\">\n\t\t\t\t\t<div class=\"elementor-column elementor-col-50 elementor-top-column elementor-element elementor-element-d378906\" data-id=\"d378906\" data-element_type=\"column\" data-e-type=\"column\">\n\t\t\t<div class=\"elementor-widget-wrap elementor-element-populated\">\n\t\t\t\t\t\t<div class=\"elementor-element elementor-element-93d5db2 elementor-widget elementor-widget-heading\" data-id=\"93d5db2\" data-element_type=\"widget\" data-e-type=\"widget\" data-widget_type=\"heading.default\">\n\t\t\t\t<div class=\"elementor-widget-container\">\n\t\t\t\t\t<h2 class=\"elementor-heading-title elementor-size-default\">Servicios :<\/h2>\t\t\t\t<\/div>\n\t\t\t\t<\/div>\n\t\t\t\t<div class=\"elementor-element elementor-element-8a65923 elementor-position-top elementor-widget elementor-widget-image-box\" data-id=\"8a65923\" data-element_type=\"widget\" data-e-type=\"widget\" data-widget_type=\"image-box.default\">\n\t\t\t\t<div class=\"elementor-widget-container\">\n\t\t\t\t\t<div class=\"elementor-image-box-wrapper\"><figure class=\"elementor-image-box-img\"><img fetchpriority=\"high\" decoding=\"async\" width=\"1280\" height=\"853\" src=\"https:\/\/jorgebadas.es\/jbserviciosinformaticos\/wp-content\/uploads\/2022\/04\/server-cloud-development-1235959.jpg\" class=\"attachment-full size-full wp-image-606\" alt=\"server, cloud, development-1235959.jpg\" srcset=\"https:\/\/jorgebadas.es\/jbserviciosinformaticos\/wp-content\/uploads\/2022\/04\/server-cloud-development-1235959.jpg 1280w, https:\/\/jorgebadas.es\/jbserviciosinformaticos\/wp-content\/uploads\/2022\/04\/server-cloud-development-1235959-300x200.jpg 300w, https:\/\/jorgebadas.es\/jbserviciosinformaticos\/wp-content\/uploads\/2022\/04\/server-cloud-development-1235959-1024x682.jpg 1024w, https:\/\/jorgebadas.es\/jbserviciosinformaticos\/wp-content\/uploads\/2022\/04\/server-cloud-development-1235959-768x512.jpg 768w\" sizes=\"(max-width: 1280px) 100vw, 1280px\" \/><\/figure><div class=\"elementor-image-box-content\"><h3 class=\"elementor-image-box-title\">Administraci\u00f3n de servidores<\/h3><p class=\"elementor-image-box-description\">Mantener tus servidores actualizados y seguros es una necesidad absoluta hoy en d\u00eda\n<\/p><\/div><\/div>\t\t\t\t<\/div>\n\t\t\t\t<\/div>\n\t\t\t\t<div class=\"elementor-element elementor-element-ab04bd1 elementor-position-top elementor-widget elementor-widget-image-box\" data-id=\"ab04bd1\" data-element_type=\"widget\" data-e-type=\"widget\" data-widget_type=\"image-box.default\">\n\t\t\t\t<div class=\"elementor-widget-container\">\n\t\t\t\t\t<div class=\"elementor-image-box-wrapper\"><figure class=\"elementor-image-box-img\"><img decoding=\"async\" width=\"2560\" height=\"1438\" src=\"https:\/\/jorgebadas.es\/jbserviciosinformaticos\/wp-content\/uploads\/2021\/09\/pexels-pixabay-270404-scaled.jpg\" class=\"attachment-full size-full wp-image-265\" alt=\"\" srcset=\"https:\/\/jorgebadas.es\/jbserviciosinformaticos\/wp-content\/uploads\/2021\/09\/pexels-pixabay-270404-scaled.jpg 2560w, https:\/\/jorgebadas.es\/jbserviciosinformaticos\/wp-content\/uploads\/2021\/09\/pexels-pixabay-270404-300x168.jpg 300w, https:\/\/jorgebadas.es\/jbserviciosinformaticos\/wp-content\/uploads\/2021\/09\/pexels-pixabay-270404-1024x575.jpg 1024w, https:\/\/jorgebadas.es\/jbserviciosinformaticos\/wp-content\/uploads\/2021\/09\/pexels-pixabay-270404-768x431.jpg 768w, https:\/\/jorgebadas.es\/jbserviciosinformaticos\/wp-content\/uploads\/2021\/09\/pexels-pixabay-270404-1536x863.jpg 1536w, https:\/\/jorgebadas.es\/jbserviciosinformaticos\/wp-content\/uploads\/2021\/09\/pexels-pixabay-270404-2048x1150.jpg 2048w\" sizes=\"(max-width: 2560px) 100vw, 2560px\" \/><\/figure><div class=\"elementor-image-box-content\"><h3 class=\"elementor-image-box-title\">Programaci\u00f3n de aplicaciones web<\/h3><p class=\"elementor-image-box-description\">Tener nuestra presencia en internet actualizada, ajustada a nuestras necesidades propias y con una identidad propia nos proporciona un escaparate al mundo<\/p><\/div><\/div>\t\t\t\t<\/div>\n\t\t\t\t<\/div>\n\t\t\t\t<div class=\"elementor-element elementor-element-8dbe635 elementor-position-top elementor-widget elementor-widget-image-box\" data-id=\"8dbe635\" data-element_type=\"widget\" data-e-type=\"widget\" data-widget_type=\"image-box.default\">\n\t\t\t\t<div class=\"elementor-widget-container\">\n\t\t\t\t\t<div class=\"elementor-image-box-wrapper\"><figure class=\"elementor-image-box-img\"><img decoding=\"async\" src=\"https:\/\/elevatecnologia.com\/wp-content\/uploads\/2021\/02\/WordPress-%C2%BFPor-que-elegirlo.jpg\" title=\"\" alt=\"\" loading=\"lazy\" \/><\/figure><div class=\"elementor-image-box-content\"><h3 class=\"elementor-image-box-title\">Dise\u00f1o con wordpress<\/h3><p class=\"elementor-image-box-description\">La forma de crear sitios web con mucha funcionalidad f\u00e1cilmente administrables por cualquiera con unos m\u00ednimos conocimientos<\/p><\/div><\/div>\t\t\t\t<\/div>\n\t\t\t\t<\/div>\n\t\t\t\t\t<\/div>\n\t\t<\/div>\n\t\t\t\t<div class=\"elementor-column elementor-col-50 elementor-top-column elementor-element elementor-element-cbbaf1e\" data-id=\"cbbaf1e\" data-element_type=\"column\" data-e-type=\"column\">\n\t\t\t<div class=\"elementor-widget-wrap elementor-element-populated\">\n\t\t\t\t\t\t<div class=\"elementor-element elementor-element-8e76125 elementor-position-top elementor-widget elementor-widget-image-box\" data-id=\"8e76125\" data-element_type=\"widget\" data-e-type=\"widget\" data-widget_type=\"image-box.default\">\n\t\t\t\t<div class=\"elementor-widget-container\">\n\t\t\t\t\t<div class=\"elementor-image-box-wrapper\"><figure class=\"elementor-image-box-img\"><img decoding=\"async\" src=\"https:\/\/blog.desdelinux.net\/wp-content\/uploads\/2019\/01\/virtualbox-virtualizacion-importancia-blog-desdelinux.jpg.webp\" title=\"\" alt=\"\" loading=\"lazy\" \/><\/figure><div class=\"elementor-image-box-content\"><h3 class=\"elementor-image-box-title\">Virtualizaci\u00f3n<\/h3><p class=\"elementor-image-box-description\">Para optimizar la disponibilidad de los servidores la virtualizaci\u00f3n de los mismos es una baza que se debe combinar con la replicaci\u00f3n<\/p><\/div><\/div>\t\t\t\t<\/div>\n\t\t\t\t<\/div>\n\t\t\t\t<div class=\"elementor-element elementor-element-5b9ca08 elementor-position-top elementor-widget elementor-widget-image-box\" data-id=\"5b9ca08\" data-element_type=\"widget\" data-e-type=\"widget\" data-widget_type=\"image-box.default\">\n\t\t\t\t<div class=\"elementor-widget-container\">\n\t\t\t\t\t<div class=\"elementor-image-box-wrapper\"><figure class=\"elementor-image-box-img\"><img decoding=\"async\" width=\"2560\" height=\"1706\" src=\"https:\/\/jorgebadas.es\/jbserviciosinformaticos\/wp-content\/uploads\/2021\/09\/pexels-field-engineer-442150-scaled.jpg\" class=\"attachment-full size-full wp-image-260\" alt=\"\" srcset=\"https:\/\/jorgebadas.es\/jbserviciosinformaticos\/wp-content\/uploads\/2021\/09\/pexels-field-engineer-442150-scaled.jpg 2560w, https:\/\/jorgebadas.es\/jbserviciosinformaticos\/wp-content\/uploads\/2021\/09\/pexels-field-engineer-442150-300x200.jpg 300w, https:\/\/jorgebadas.es\/jbserviciosinformaticos\/wp-content\/uploads\/2021\/09\/pexels-field-engineer-442150-1024x683.jpg 1024w, https:\/\/jorgebadas.es\/jbserviciosinformaticos\/wp-content\/uploads\/2021\/09\/pexels-field-engineer-442150-768x512.jpg 768w, https:\/\/jorgebadas.es\/jbserviciosinformaticos\/wp-content\/uploads\/2021\/09\/pexels-field-engineer-442150-1536x1024.jpg 1536w, https:\/\/jorgebadas.es\/jbserviciosinformaticos\/wp-content\/uploads\/2021\/09\/pexels-field-engineer-442150-2048x1365.jpg 2048w\" sizes=\"(max-width: 2560px) 100vw, 2560px\" \/><\/figure><div class=\"elementor-image-box-content\"><h3 class=\"elementor-image-box-title\">Montaje y administraci\u00f3n de redes<\/h3><p class=\"elementor-image-box-description\">Las redes que conectan los dispositivos son tan importantes como estos<\/p><\/div><\/div>\t\t\t\t<\/div>\n\t\t\t\t<\/div>\n\t\t\t\t<div class=\"elementor-element elementor-element-020db96 elementor-position-top elementor-widget elementor-widget-image-box\" data-id=\"020db96\" data-element_type=\"widget\" data-e-type=\"widget\" data-widget_type=\"image-box.default\">\n\t\t\t\t<div class=\"elementor-widget-container\">\n\t\t\t\t\t<div class=\"elementor-image-box-wrapper\"><figure class=\"elementor-image-box-img\"><img loading=\"lazy\" decoding=\"async\" width=\"2560\" height=\"1706\" src=\"https:\/\/jorgebadas.es\/jbserviciosinformaticos\/wp-content\/uploads\/2021\/09\/pexels-cottonbro-4705635-1-scaled.jpg\" class=\"attachment-full size-full wp-image-267\" alt=\"\" srcset=\"https:\/\/jorgebadas.es\/jbserviciosinformaticos\/wp-content\/uploads\/2021\/09\/pexels-cottonbro-4705635-1-scaled.jpg 2560w, https:\/\/jorgebadas.es\/jbserviciosinformaticos\/wp-content\/uploads\/2021\/09\/pexels-cottonbro-4705635-1-300x200.jpg 300w, https:\/\/jorgebadas.es\/jbserviciosinformaticos\/wp-content\/uploads\/2021\/09\/pexels-cottonbro-4705635-1-1024x683.jpg 1024w, https:\/\/jorgebadas.es\/jbserviciosinformaticos\/wp-content\/uploads\/2021\/09\/pexels-cottonbro-4705635-1-768x512.jpg 768w, https:\/\/jorgebadas.es\/jbserviciosinformaticos\/wp-content\/uploads\/2021\/09\/pexels-cottonbro-4705635-1-1536x1024.jpg 1536w, https:\/\/jorgebadas.es\/jbserviciosinformaticos\/wp-content\/uploads\/2021\/09\/pexels-cottonbro-4705635-1-2048x1365.jpg 2048w\" sizes=\"(max-width: 2560px) 100vw, 2560px\" \/><\/figure><div class=\"elementor-image-box-content\"><h3 class=\"elementor-image-box-title\">Montaje y actualizaci\u00f3n de equipos<\/h3><p class=\"elementor-image-box-description\">Nos ocupamos de tus equipos a nivel hardware, adem\u00e1s de software<\/p><\/div><\/div>\t\t\t\t<\/div>\n\t\t\t\t<\/div>\n\t\t\t\t\t<\/div>\n\t\t<\/div>\n\t\t\t\t\t<\/div>\n\t\t<\/section>\n\t\t\t\t<section class=\"elementor-section elementor-top-section elementor-element elementor-element-66d0smc elementor-section-boxed elementor-section-height-default elementor-section-height-default\" data-id=\"66d0smc\" data-element_type=\"section\" data-e-type=\"section\" data-settings=\"{&quot;background_background&quot;:&quot;classic&quot;}\">\n\t\t\t\t\t\t\t<div class=\"elementor-background-overlay\"><\/div>\n\t\t\t\t\t\t\t<div class=\"elementor-container elementor-column-gap-default\">\n\t\t\t\t\t<div class=\"elementor-column elementor-col-100 elementor-top-column elementor-element elementor-element-987f959\" data-id=\"987f959\" data-element_type=\"column\" data-e-type=\"column\">\n\t\t\t<div class=\"elementor-widget-wrap elementor-element-populated\">\n\t\t\t\t\t\t<div class=\"elementor-element elementor-element-d682392 elementor-widget elementor-widget-heading\" data-id=\"d682392\" data-element_type=\"widget\" data-e-type=\"widget\" data-widget_type=\"heading.default\">\n\t\t\t\t<div class=\"elementor-widget-container\">\n\t\t\t\t\t<h2 class=\"elementor-heading-title elementor-size-default\">Conocimientos de programaci\u00f3n<\/h2>\t\t\t\t<\/div>\n\t\t\t\t<\/div>\n\t\t\t\t<div class=\"elementor-element elementor-element-691ffbf elementor-widget elementor-widget-text-editor\" data-id=\"691ffbf\" data-element_type=\"widget\" data-e-type=\"widget\" data-widget_type=\"text-editor.default\">\n\t\t\t\t<div class=\"elementor-widget-container\">\n\t\t\t\t\t\t\t\t\t<h5>Lenguajes C, C++, Node.js y python principalmente<\/h5>\t\t\t\t\t\t\t\t<\/div>\n\t\t\t\t<\/div>\n\t\t\t\t\t<\/div>\n\t\t<\/div>\n\t\t\t\t\t<\/div>\n\t\t<\/section>\n\t\t\t\t<section class=\"elementor-section elementor-top-section elementor-element elementor-element-3c5ddc5 elementor-section-boxed elementor-section-height-default elementor-section-height-default\" data-id=\"3c5ddc5\" data-element_type=\"section\" data-e-type=\"section\">\n\t\t\t\t\t\t<div class=\"elementor-container elementor-column-gap-default\">\n\t\t\t\t\t<div class=\"elementor-column elementor-col-100 elementor-top-column elementor-element elementor-element-5b5f896\" data-id=\"5b5f896\" data-element_type=\"column\" data-e-type=\"column\">\n\t\t\t<div class=\"elementor-widget-wrap elementor-element-populated\">\n\t\t\t\t\t\t<div class=\"elementor-element elementor-element-40086e4 elementor-widget elementor-widget-menu-anchor\" data-id=\"40086e4\" data-element_type=\"widget\" data-e-type=\"widget\" data-widget_type=\"menu-anchor.default\">\n\t\t\t\t<div class=\"elementor-widget-container\">\n\t\t\t\t\t\t\t<div class=\"elementor-menu-anchor\" id=\"Contacto\"><\/div>\n\t\t\t\t\t\t<\/div>\n\t\t\t\t<\/div>\n\t\t\t\t\t<\/div>\n\t\t<\/div>\n\t\t\t\t\t<\/div>\n\t\t<\/section>\n\t\t\t\t<\/div>\n\t\t","protected":false},"excerpt":{"rendered":"<p>Soporte inform\u00e1tico y programaci\u00f3n Servicios : Administraci\u00f3n de servidores Mantener tus servidores actualizados y seguros es una necesidad absoluta hoy en d\u00eda Programaci\u00f3n de aplicaciones web Tener nuestra presencia en internet actualizada, ajustada a nuestras necesidades propias y con una identidad propia nos proporciona un escaparate al mundo Dise\u00f1o con wordpress La forma de crear &hellip;<\/p>\n<p class=\"read-more\"> <a class=\"\" href=\"https:\/\/jorgebadas.es\/jbserviciosinformaticos\/\"> <span class=\"screen-reader-text\">JB Servicios inform\u00e1ticos<\/span> Leer m\u00e1s &raquo;<\/a><\/p>\n","protected":false},"author":1,"featured_media":0,"parent":0,"menu_order":0,"comment_status":"closed","ping_status":"closed","template":"","meta":{"footnotes":""},"class_list":["post-310","page","type-page","status-publish","hentry"],"_links":{"self":[{"href":"https:\/\/jorgebadas.es\/jbserviciosinformaticos\/wp-json\/wp\/v2\/pages\/310","targetHints":{"allow":["GET"]}}],"collection":[{"href":"https:\/\/jorgebadas.es\/jbserviciosinformaticos\/wp-json\/wp\/v2\/pages"}],"about":[{"href":"https:\/\/jorgebadas.es\/jbserviciosinformaticos\/wp-json\/wp\/v2\/types\/page"}],"author":[{"embeddable":true,"href":"https:\/\/jorgebadas.es\/jbserviciosinformaticos\/wp-json\/wp\/v2\/users\/1"}],"replies":[{"embeddable":true,"href":"https:\/\/jorgebadas.es\/jbserviciosinformaticos\/wp-json\/wp\/v2\/comments?post=310"}],"version-history":[{"count":0,"href":"https:\/\/jorgebadas.es\/jbserviciosinformaticos\/wp-json\/wp\/v2\/pages\/310\/revisions"}],"wp:attachment":[{"href":"https:\/\/jorgebadas.es\/jbserviciosinformaticos\/wp-json\/wp\/v2\/media?parent=310"}],"curies":[{"name":"wp","href":"https:\/\/api.w.org\/{rel}","templated":true}]}}